{"id":2,"date":"2024-09-11T07:56:36","date_gmt":"2024-09-11T07:56:36","guid":{"rendered":"https:\/\/kehitys.tiinatuulikki.fi\/?page_id=2"},"modified":"2024-10-17T07:59:52","modified_gmt":"2024-10-17T07:59:52","slug":"sample-page","status":"publish","type":"page","link":"https:\/\/kehitys.tiinatuulikki.fi\/","title":{"rendered":""},"content":{"rendered":"\n<p>Kolmikymppinen, kirjaimellisesti junan tuoma helsinkil\u00e4inen, jolle kirjoittaminen on yksi t\u00e4rke\u00e4 tapa ajatella. Opiskelen teologiaa, rakastan Jumalaa, pohdin ja maalaan. N\u00e4it\u00e4 kaikkea voit l\u00f6yt\u00e4\u00e4 t\u00e4lt\u00e4 sivustolta.<\/p>\n\n\n\n<p>Tervetuloa tutustumaan minun ajatuksiini!<\/p>\n\n\n\n<p><\/p>\n","protected":false},"excerpt":{"rendered":"<p>Kolmikymppinen, kirjaimellisesti junan tuoma helsinkil\u00e4inen, jolle kirjoittaminen on yksi t\u00e4rke\u00e4 tapa ajatella. Opiskelen teologiaa, rakastan Jumalaa, pohdin ja maalaan. N\u00e4it\u00e4 kaikkea voit l\u00f6yt\u00e4\u00e4 t\u00e4lt\u00e4 sivustolta. Tervetuloa tutustumaan minun ajatuksiini!<\/p>\n","protected":false},"author":1,"featured_media":0,"parent":0,"menu_order":0,"comment_status":"closed","ping_status":"open","template":"","meta":{"footnotes":""},"class_list":["post-2","page","type-page","status-publish","hentry"],"_links":{"self":[{"href":"https:\/\/kehitys.tiinatuulikki.fi\/index.php\/wp-json\/wp\/v2\/pages\/2"}],"collection":[{"href":"https:\/\/kehitys.tiinatuulikki.fi\/index.php\/wp-json\/wp\/v2\/pages"}],"about":[{"href":"https:\/\/kehitys.tiinatuulikki.fi\/index.php\/wp-json\/wp\/v2\/types\/page"}],"author":[{"embeddable":true,"href":"https:\/\/kehitys.tiinatuulikki.fi\/index.php\/wp-json\/wp\/v2\/users\/1"}],"replies":[{"embeddable":true,"href":"https:\/\/kehitys.tiinatuulikki.fi\/index.php\/wp-json\/wp\/v2\/comments?post=2"}],"version-history":[{"count":4,"href":"https:\/\/kehitys.tiinatuulikki.fi\/index.php\/wp-json\/wp\/v2\/pages\/2\/revisions"}],"predecessor-version":[{"id":28,"href":"https:\/\/kehitys.tiinatuulikki.fi\/index.php\/wp-json\/wp\/v2\/pages\/2\/revisions\/28"}],"wp:attachment":[{"href":"https:\/\/kehitys.tiinatuulikki.fi\/index.php\/wp-json\/wp\/v2\/media?parent=2"}],"curies":[{"name":"wp","href":"https:\/\/api.w.org\/{rel}","templated":true}]}}